{"id":128,"date":"2022-09-29T10:00:17","date_gmt":"2022-09-29T08:00:17","guid":{"rendered":"https:\/\/itseurope.org\/2023\/?page_id=128"},"modified":"2026-03-12T09:04:05","modified_gmt":"2026-03-12T09:04:05","slug":"impressum","status":"publish","type":"page","link":"https:\/\/itseurope.org\/2026\/impressum\/","title":{"rendered":"Impressum"},"content":{"rendered":"<p>[et_pb_section fb_built=&#8221;1&#8243; next_background_color=&#8221;#ffffff&#8221; admin_label=&#8221;Hero&#8221; _builder_version=&#8221;4.16&#8243; use_background_color_gradient=&#8221;on&#8221; background_color_gradient_direction=&#8221;70deg&#8221; background_color_gradient_stops=&#8221;#283d4b 0%|rgba(128,103,79,0.5) 100%&#8221; background_color_gradient_overlays_image=&#8221;on&#8221; background_color_gradient_start=&#8221;#283d4b&#8221; background_color_gradient_end=&#8221;rgba(128,103,79,0.5)&#8221; background_image=&#8221;https:\/\/itseurope.org\/2026\/wp-content\/uploads\/2026\/03\/CallforPapers1.jpg&#8221; vertical_offset_tablet=&#8221;0&#8243; horizontal_offset_tablet=&#8221;0&#8243; custom_margin=&#8221;|||&#8221; custom_padding=&#8221;6vw|||&#8221; bottom_divider_style=&#8221;mountains2&#8243; bottom_divider_height=&#8221;20vw&#8221; bottom_divider_repeat=&#8221;0.5x&#8221; bottom_divider_flip=&#8221;horizontal|vertical&#8221; box_shadow_horizontal_tablet=&#8221;0px&#8221; box_shadow_vertical_tablet=&#8221;0px&#8221; box_shadow_blur_tablet=&#8221;40px&#8221; box_shadow_spread_tablet=&#8221;0px&#8221; locked=&#8221;off&#8221; global_colors_info=&#8221;{}&#8221;][et_pb_row _builder_version=&#8221;4.16&#8243; custom_margin=&#8221;|||&#8221; custom_padding=&#8221;27px|0px|0|0px|false|false&#8221; global_colors_info=&#8221;{}&#8221;][et_pb_column type=&#8221;4_4&#8243; _builder_version=&#8221;4.16&#8243; custom_padding=&#8221;|||&#8221; global_colors_info=&#8221;{}&#8221; custom_padding__hover=&#8221;|||&#8221;][et_pb_text _builder_version=&#8221;4.27.6&#8243; header_font=&#8221;josefine sans alle|700|||||||&#8221; header_font_size=&#8221;90px&#8221; header_line_height=&#8221;1.4em&#8221; header_2_font=&#8221;Josefin Sans||||||||&#8221; header_2_text_color=&#8221;rgba(255,255,255,0.6)&#8221; header_2_font_size=&#8221;32px&#8221; header_2_line_height=&#8221;1.4em&#8221; vertical_offset_tablet=&#8221;0&#8243; horizontal_offset_tablet=&#8221;0&#8243; background_layout=&#8221;dark&#8221; animation_style=&#8221;slide&#8221; animation_direction=&#8221;right&#8221; animation_intensity_slide=&#8221;4%&#8221; header_font_size_tablet=&#8221;50px&#8221; header_font_size_phone=&#8221;32px&#8221; header_font_size_last_edited=&#8221;on|desktop&#8221; header_2_font_size_tablet=&#8221;&#8221; header_2_font_size_phone=&#8221;24px&#8221; header_2_font_size_last_edited=&#8221;on|phone&#8221; z_index_tablet=&#8221;0&#8243; text_text_shadow_horizontal_length_tablet=&#8221;0px&#8221; text_text_shadow_vertical_length_tablet=&#8221;0px&#8221; text_text_shadow_blur_strength_tablet=&#8221;1px&#8221; link_text_shadow_horizontal_length_tablet=&#8221;0px&#8221; link_text_shadow_vertical_length_tablet=&#8221;0px&#8221; link_text_shadow_blur_strength_tablet=&#8221;1px&#8221; ul_text_shadow_horizontal_length_tablet=&#8221;0px&#8221; ul_text_shadow_vertical_length_tablet=&#8221;0px&#8221; ul_text_shadow_blur_strength_tablet=&#8221;1px&#8221; ol_text_shadow_horizontal_length_tablet=&#8221;0px&#8221; ol_text_shadow_vertical_length_tablet=&#8221;0px&#8221; ol_text_shadow_blur_strength_tablet=&#8221;1px&#8221; quote_text_shadow_horizontal_length_tablet=&#8221;0px&#8221; quote_text_shadow_vertical_length_tablet=&#8221;0px&#8221; quote_text_shadow_blur_strength_tablet=&#8221;1px&#8221; header_text_shadow_horizontal_length_tablet=&#8221;0px&#8221; header_text_shadow_vertical_length_tablet=&#8221;0px&#8221; header_text_shadow_blur_strength_tablet=&#8221;1px&#8221; header_2_text_shadow_horizontal_length_tablet=&#8221;0px&#8221; header_2_text_shadow_vertical_length_tablet=&#8221;0px&#8221; header_2_text_shadow_blur_strength_tablet=&#8221;1px&#8221; header_3_text_shadow_horizontal_length_tablet=&#8221;0px&#8221; header_3_text_shadow_vertical_length_tablet=&#8221;0px&#8221; header_3_text_shadow_blur_strength_tablet=&#8221;1px&#8221; header_4_text_shadow_horizontal_length_tablet=&#8221;0px&#8221; header_4_text_shadow_vertical_length_tablet=&#8221;0px&#8221; header_4_text_shadow_blur_strength_tablet=&#8221;1px&#8221; header_5_text_shadow_horizontal_length_tablet=&#8221;0px&#8221; header_5_text_shadow_vertical_length_tablet=&#8221;0px&#8221; header_5_text_shadow_blur_strength_tablet=&#8221;1px&#8221; header_6_text_shadow_horizontal_length_tablet=&#8221;0px&#8221; header_6_text_shadow_vertical_length_tablet=&#8221;0px&#8221; header_6_text_shadow_blur_strength_tablet=&#8221;1px&#8221; box_shadow_horizontal_tablet=&#8221;0px&#8221; box_shadow_vertical_tablet=&#8221;0px&#8221; box_shadow_blur_tablet=&#8221;40px&#8221; box_shadow_spread_tablet=&#8221;0px&#8221; global_colors_info=&#8221;{}&#8221;]<\/p>\n<h1>Impressum<\/h1>\n<h2>ITS Event 2026<\/h2>\n<p>[\/et_pb_text][\/et_pb_column][\/et_pb_row][et_pb_row column_structure=&#8221;1_2,1_2&#8243; disabled_on=&#8221;off|off|off&#8221; _builder_version=&#8221;4.16&#8243; vertical_offset_tablet=&#8221;0&#8243; horizontal_offset_tablet=&#8221;0&#8243; custom_padding=&#8221;0|0px|27px|0px|false|false&#8221; z_index_tablet=&#8221;0&#8243; box_shadow_horizontal_tablet=&#8221;0px&#8221; box_shadow_vertical_tablet=&#8221;0px&#8221; box_shadow_blur_tablet=&#8221;40px&#8221; box_shadow_spread_tablet=&#8221;0px&#8221; locked=&#8221;off&#8221; global_colors_info=&#8221;{}&#8221;][et_pb_column type=&#8221;1_2&#8243; _builder_version=&#8221;4.16&#8243; custom_padding=&#8221;|||&#8221; global_colors_info=&#8221;{}&#8221; custom_padding__hover=&#8221;|||&#8221;][\/et_pb_column][et_pb_column type=&#8221;1_2&#8243; _builder_version=&#8221;4.16&#8243; custom_padding=&#8221;|||&#8221; global_colors_info=&#8221;{}&#8221; custom_padding__hover=&#8221;|||&#8221;][\/et_pb_column][\/et_pb_row][et_pb_row use_custom_gutter=&#8221;on&#8221; gutter_width=&#8221;1&#8243; disabled_on=&#8221;on|off|off&#8221; module_class=&#8221; et_pb_row_fullwidth et_pb_row_fullwidth et_pb_row_fullwidth et_pb_row_fullwidth et_pb_row_fullwidth et_pb_row_fullwidth et_pb_row_fullwidth et_pb_row_fullwidth et_pb_row_fullwidth et_pb_row_fullwidth et_pb_row_fullwidth et_pb_row_fullwidth et_pb_row_fullwidth et_pb_row_fullwidth et_pb_row_fullwidth&#8221; _builder_version=&#8221;4.16&#8243; width=&#8221;100%&#8221; width_tablet=&#8221;100%&#8221; width_phone=&#8221;&#8221; width_last_edited=&#8221;on|desktop&#8221; max_width=&#8221;100%&#8221; max_width_tablet=&#8221;100%&#8221; max_width_phone=&#8221;&#8221; max_width_last_edited=&#8221;on|desktop&#8221; make_fullwidth=&#8221;on&#8221; locked=&#8221;off&#8221; global_colors_info=&#8221;{}&#8221;][et_pb_column type=&#8221;4_4&#8243; _builder_version=&#8221;4.16&#8243; custom_padding=&#8221;|||&#8221; global_colors_info=&#8221;{}&#8221; custom_padding__hover=&#8221;|||&#8221;][et_pb_text _builder_version=&#8221;4.27.6&#8243; text_font=&#8221;Josefin Sans|700||on|||||&#8221; text_text_color=&#8221;rgba(255,255,255,0.2)&#8221; text_font_size=&#8221;10vw&#8221; text_line_height=&#8221;1em&#8221; vertical_offset_tablet=&#8221;0&#8243; horizontal_offset_tablet=&#8221;0&#8243; custom_margin=&#8221;||-0.4em|&#8221; custom_padding=&#8221;|||&#8221; filter_blur=&#8221;7px&#8221; animation_style=&#8221;slide&#8221; animation_direction=&#8221;right&#8221; animation_duration=&#8221;2000ms&#8221; animation_intensity_slide=&#8221;10%&#8221; animation_starting_opacity=&#8221;40%&#8221; animation_speed_curve=&#8221;linear&#8221; text_font_size_tablet=&#8221;124px&#8221; text_font_size_phone=&#8221;90px&#8221; text_font_size_last_edited=&#8221;off|desktop&#8221; z_index_tablet=&#8221;0&#8243; text_text_shadow_horizontal_length_tablet=&#8221;0px&#8221; text_text_shadow_vertical_length_tablet=&#8221;0px&#8221; text_text_shadow_blur_strength_tablet=&#8221;1px&#8221; link_text_shadow_horizontal_length_tablet=&#8221;0px&#8221; link_text_shadow_vertical_length_tablet=&#8221;0px&#8221; link_text_shadow_blur_strength_tablet=&#8221;1px&#8221; ul_text_shadow_horizontal_length_tablet=&#8221;0px&#8221; ul_text_shadow_vertical_length_tablet=&#8221;0px&#8221; ul_text_shadow_blur_strength_tablet=&#8221;1px&#8221; ol_text_shadow_horizontal_length_tablet=&#8221;0px&#8221; ol_text_shadow_vertical_length_tablet=&#8221;0px&#8221; ol_text_shadow_blur_strength_tablet=&#8221;1px&#8221; quote_text_shadow_horizontal_length_tablet=&#8221;0px&#8221; quote_text_shadow_vertical_length_tablet=&#8221;0px&#8221; quote_text_shadow_blur_strength_tablet=&#8221;1px&#8221; header_text_shadow_horizontal_length_tablet=&#8221;0px&#8221; header_text_shadow_vertical_length_tablet=&#8221;0px&#8221; header_text_shadow_blur_strength_tablet=&#8221;1px&#8221; header_2_text_shadow_horizontal_length_tablet=&#8221;0px&#8221; header_2_text_shadow_vertical_length_tablet=&#8221;0px&#8221; header_2_text_shadow_blur_strength_tablet=&#8221;1px&#8221; header_3_text_shadow_horizontal_length_tablet=&#8221;0px&#8221; header_3_text_shadow_vertical_length_tablet=&#8221;0px&#8221; header_3_text_shadow_blur_strength_tablet=&#8221;1px&#8221; header_4_text_shadow_horizontal_length_tablet=&#8221;0px&#8221; header_4_text_shadow_vertical_length_tablet=&#8221;0px&#8221; header_4_text_shadow_blur_strength_tablet=&#8221;1px&#8221; header_5_text_shadow_horizontal_length_tablet=&#8221;0px&#8221; header_5_text_shadow_vertical_length_tablet=&#8221;0px&#8221; header_5_text_shadow_blur_strength_tablet=&#8221;1px&#8221; header_6_text_shadow_horizontal_length_tablet=&#8221;0px&#8221; header_6_text_shadow_vertical_length_tablet=&#8221;0px&#8221; header_6_text_shadow_blur_strength_tablet=&#8221;1px&#8221; box_shadow_horizontal_tablet=&#8221;0px&#8221; box_shadow_vertical_tablet=&#8221;0px&#8221; box_shadow_blur_tablet=&#8221;40px&#8221; box_shadow_spread_tablet=&#8221;0px&#8221; global_colors_info=&#8221;{}&#8221;]<\/p>\n<p>Impressum<\/p>\n<p>[\/et_pb_text][\/et_pb_column][\/et_pb_row][\/et_pb_section][et_pb_section fb_built=&#8221;1&#8243; admin_label=&#8221;section&#8221; _builder_version=&#8221;4.16&#8243; global_colors_info=&#8221;{}&#8221;][et_pb_row admin_label=&#8221;row&#8221; _builder_version=&#8221;4.16&#8243; background_size=&#8221;initial&#8221; background_position=&#8221;top_left&#8221; background_repeat=&#8221;repeat&#8221; global_colors_info=&#8221;{}&#8221;][et_pb_column type=&#8221;4_4&#8243; _builder_version=&#8221;4.16&#8243; custom_padding=&#8221;|||&#8221; global_colors_info=&#8221;{}&#8221; custom_padding__hover=&#8221;|||&#8221;][et_pb_text _builder_version=&#8221;4.27.6&#8243; text_font=&#8221;open sans all||||||||&#8221; header_font=&#8221;|700|||||||&#8221; background_size=&#8221;initial&#8221; background_position=&#8221;top_left&#8221; background_repeat=&#8221;repeat&#8221; hover_enabled=&#8221;0&#8243; use_border_color=&#8221;off&#8221; global_colors_info=&#8221;{}&#8221; sticky_enabled=&#8221;0&#8243;]<\/p>\n<h1>Impressum<\/h1>\n<p>Freundeskreis ITS<br \/>c\/o Brigitte Preissl<br \/>Bonner Str.1<br \/>14197 Berlin<\/p>\n<h3>Vertreten durch:<\/h3>\n<p>Brigitte Preissl (Vorsitzende)<br \/>J\u00fcrgen M\u00fcller (stellv. Vorsitzender)<br \/>Kay Pallasch (Schatzmeister)<\/p>\n<h3>Kontakt:<\/h3>\n<p>Telefon: +49-151-546-20-547<br \/>Telefax: +49-40-42834-262<br \/>E-Mail: b.preissl@zbw.eu<\/p>\n<h3>Registereintrag:<\/h3>\n<p>Eintragung im Vereinsregister.<br \/>Registergericht:Amtsgericht Potsdam<br \/>Registernummer: VR 7022 P<\/p>\n<h3>Verantwortlich f\u00fcr den Inhalt nach \u00a7 55 Abs. 2 RStV:<\/h3>\n<p>Brigitte Preissl (Vorsitzende)<br \/>J\u00fcrgen M\u00fcller (stellv. Vorsitzender)<br \/>Kay Pallasch\u00a0 (Schatzmeister)<\/p>\n<h3>Streitschlichtung<\/h3>\n<p>Die Europ\u00e4ische Kommission stellt eine Plattform zur Online-Streitbeilegung (OS) bereit: <a href=\"https:\/\/ec.europa.eu\/consumers\/odr\" target=\"_blank\" rel=\"noopener noreferrer\">https:\/\/ec.europa.eu\/consumers\/odr<\/a>.<br \/>Unsere E-Mail-Adresse finden Sie oben im Impressum.<\/p>\n<p>Wir sind nicht bereit oder verpflichtet, an Streitbeilegungsverfahren vor einer Verbraucherschlichtungsstelle teilzunehmen.<\/p>\n<h3>Urheberrecht<\/h3>\n<p>Die durch die Seitenbetreiber erstellten Inhalte und Werke auf diesen Seiten unterliegen dem deutschen Urheberrecht. Die Vervielf\u00e4ltigung, Bearbeitung, Verbreitung und jede Art der Verwertung au\u00dferhalb der Grenzen des Urheberrechtes bed\u00fcrfen der schriftlichen Zustimmung des jeweiligen Autors bzw. Erstellers. Downloads und Kopien dieser Seite sind nur f\u00fcr den privaten, nicht kommerziellen Gebrauch gestattet.<\/p>\n<p>Soweit die Inhalte auf dieser Seite nicht vom Betreiber erstellt wurden, werden die Urheberrechte Dritter beachtet. Insbesondere werden Inhalte Dritter als solche gekennzeichnet. Sollten Sie trotzdem auf eine Urheberrechtsverletzung aufmerksam werden, bitten wir um einen entsprechenden Hinweis. Bei Bekanntwerden von Rechtsverletzungen werden wir derartige Inhalte umgehend entfernen.<\/p>\n<h1>Site Notice<\/h1>\n<p>Freundeskreis ITS<br \/>c\/o Brigitte Preissl<br \/>Bonner Str.1<br \/>14197 Berlin<\/p>\n<h3>Represented by:<\/h3>\n<p>Brigitte Preissl (chairperson)<br \/>J\u00fcrgen M\u00fcller (deputy chairperson)<br \/>Kay Pallasch\u00a0 (secretary)<\/p>\n<h3>Contact:<\/h3>\n<p>Telephone: +49-151-546-20-547<br \/>Telefax: +49-40-42834-262<br \/>Email: b.preissl@zbw.eu<\/p>\n<h3>Register entry:<\/h3>\n<p>Entry in the Vereinsregister.<br \/>Registering court: Amtsgericht Potsdam<br \/>Registration number: VR 7022 P<\/p>\n<h3>Responsible for contents acc. to Sec. 55, para. 2 German Federal Broadcasting Agreement (RstV):<\/h3>\n<p>Brigitte Preissl (chairperson)<br \/>J\u00fcrgen M\u00fcller (deputy chairperson)<br \/>Kay Pallasch (secretary)<\/p>\n<h3>Dispute resolution<\/h3>\n<p>The European Commission provides a platform for online dispute resolution (OS): <a href=\"https:\/\/ec.europa.eu\/consumers\/odr\" target=\"_blank\" rel=\"noopener noreferrer\">https:\/\/ec.europa.eu\/consumers\/odr<\/a>.<br \/>Please find our email in the impressum\/legal notice.<\/p>\n<p>We do not take part in online dispute resolutions at consumer arbitration boards.<\/p>\n<h3>Copyright<\/h3>\n<p>Contents and compilations published on these websites by the providers are subject to German copyright laws. Reproduction, editing, distribution as well as the use of any kind outside the scope of the copyright law require a written permission of the author or originator. Downloads and copies of these websites are permitted for private use only.<br \/>The commercial use of our contents without permission of the originator is prohibited.<\/p>\n<p>Copyright laws of third parties are respected as long as the contents on these websites do not originate from the provider. Contributions of third parties on this site are indicated as such. However, if you notice any violations of copyright law, please inform us. Such contents will be removed immediately.<\/p>\n<p>&nbsp;<\/p>\n<h3>Bilder und Bannerbilder:<\/h3>\n<p>By<\/p>\n<p>Johan Bodell (Chalmers) [CC BY-SA 4.0 (https:\/\/creativecommons.org\/licenses\/by-sa\/3.0)]<br \/>Historiker [CC BY-SA 3.0 (https:\/\/creativecommons.org\/licenses\/by-sa\/3.0)]<\/p>\n<h3>Webdesign<\/h3>\n<p>Internetagentur wiso-data | <img loading=\"lazy\" decoding=\"async\" class=\"alignnone size-full wp-image-2396\" src=\"https:\/\/itseurope.org\/2026\/wp-content\/uploads\/2026\/03\/linkout-1-1.jpg\" alt=\"linkout\" width=\"18\" height=\"18\" \/><a href=\"http:\/\/www.wiso-data.de\" target=\"_blank\" rel=\"noopener noreferrer\">https:\/\/wiso-data.de<\/a><\/p>\n<p>&nbsp;<\/p>\n<p>Quelle: <a href=\"https:\/\/www.e-recht24.de\">https:\/\/www.e-recht24.de<\/a><\/p>\n<p>[\/et_pb_text][\/et_pb_column][\/et_pb_row][\/et_pb_section]<\/p>\n","protected":false},"excerpt":{"rendered":"<p>Impressum ITS Event 2026ImpressumImpressum Freundeskreis ITSc\/o Brigitte PreisslBonner Str.114197 Berlin Vertreten durch: Brigitte Preissl (Vorsitzende)J\u00fcrgen M\u00fcller (stellv. Vorsitzender)Kay Pallasch (Schatzmeister) Kontakt: Telefon: +49-151-546-20-547Telefax: +49-40-42834-262E-Mail: b.preissl@zbw.eu Registereintrag: Eintragung im Vereinsregister.Registergericht:Amtsgericht PotsdamRegisternummer: VR 7022 P Verantwortlich f\u00fcr den Inhalt nach \u00a7 55 Abs. 2 RStV: Brigitte Preissl (Vorsitzende)J\u00fcrgen M\u00fcller (stellv. Vorsitzender)Kay Pallasch\u00a0 (Schatzmeister) Streitschlichtung Die Europ\u00e4ische Kommission [&hellip;]<\/p>\n","protected":false},"author":1,"featured_media":0,"parent":0,"menu_order":17,"comment_status":"closed","ping_status":"closed","template":"","meta":{"_et_pb_use_builder":"on","_et_pb_old_content":"","_et_gb_content_width":"","footnotes":""},"dipi_cpt_category":[],"class_list":["post-128","page","type-page","status-publish","hentry"],"yoast_head":"<!-- This site is optimized with the Yoast SEO plugin v27.1.1 - https:\/\/yoast.com\/product\/yoast-seo-wordpress\/ -->\n<title>Impressum - ITS Europe 2026<\/title>\n<meta name=\"robots\" content=\"index, follow, max-snippet:-1, max-image-preview:large, max-video-preview:-1\" \/>\n<link rel=\"canonical\" href=\"https:\/\/itseurope.org\/2026\/impressum\/\" \/>\n<meta property=\"og:locale\" content=\"en_GB\" \/>\n<meta property=\"og:type\" content=\"article\" \/>\n<meta property=\"og:title\" content=\"Impressum - ITS Europe 2026\" \/>\n<meta property=\"og:description\" content=\"Impressum ITS Event 2026ImpressumImpressum Freundeskreis ITSc\/o Brigitte PreisslBonner Str.114197 Berlin Vertreten durch: Brigitte Preissl (Vorsitzende)J\u00fcrgen M\u00fcller (stellv. Vorsitzender)Kay Pallasch (Schatzmeister) Kontakt: Telefon: +49-151-546-20-547Telefax: +49-40-42834-262E-Mail: b.preissl@zbw.eu Registereintrag: Eintragung im Vereinsregister.Registergericht:Amtsgericht PotsdamRegisternummer: VR 7022 P Verantwortlich f\u00fcr den Inhalt nach \u00a7 55 Abs. 2 RStV: Brigitte Preissl (Vorsitzende)J\u00fcrgen M\u00fcller (stellv. Vorsitzender)Kay Pallasch\u00a0 (Schatzmeister) Streitschlichtung Die Europ\u00e4ische Kommission [&hellip;]\" \/>\n<meta property=\"og:url\" content=\"https:\/\/itseurope.org\/2026\/impressum\/\" \/>\n<meta property=\"og:site_name\" content=\"ITS Europe 2026\" \/>\n<meta property=\"article:modified_time\" content=\"2026-03-12T09:04:05+00:00\" \/>\n<meta name=\"twitter:card\" content=\"summary_large_image\" \/>\n<meta name=\"twitter:label1\" content=\"Estimated reading time\" \/>\n\t<meta name=\"twitter:data1\" content=\"4 minutes\" \/>\n<script type=\"application\/ld+json\" class=\"yoast-schema-graph\">{\"@context\":\"https:\/\/schema.org\",\"@graph\":[{\"@type\":\"WebPage\",\"@id\":\"https:\/\/itseurope.org\/2026\/impressum\/\",\"url\":\"https:\/\/itseurope.org\/2026\/impressum\/\",\"name\":\"Impressum - ITS Europe 2026\",\"isPartOf\":{\"@id\":\"https:\/\/itseurope.org\/2026\/#website\"},\"primaryImageOfPage\":{\"@id\":\"https:\/\/itseurope.org\/2026\/impressum\/#primaryimage\"},\"image\":{\"@id\":\"https:\/\/itseurope.org\/2026\/impressum\/#primaryimage\"},\"thumbnailUrl\":\"https:\/\/itseurope.org\/2026\/wp-content\/uploads\/2026\/03\/linkout-1-1.jpg\",\"datePublished\":\"2022-09-29T08:00:17+00:00\",\"dateModified\":\"2026-03-12T09:04:05+00:00\",\"breadcrumb\":{\"@id\":\"https:\/\/itseurope.org\/2026\/impressum\/#breadcrumb\"},\"inLanguage\":\"en-GB\",\"potentialAction\":[{\"@type\":\"ReadAction\",\"target\":[\"https:\/\/itseurope.org\/2026\/impressum\/\"]}]},{\"@type\":\"ImageObject\",\"inLanguage\":\"en-GB\",\"@id\":\"https:\/\/itseurope.org\/2026\/impressum\/#primaryimage\",\"url\":\"https:\/\/itseurope.org\/2026\/wp-content\/uploads\/2026\/03\/linkout-1-1.jpg\",\"contentUrl\":\"https:\/\/itseurope.org\/2026\/wp-content\/uploads\/2026\/03\/linkout-1-1.jpg\"},{\"@type\":\"BreadcrumbList\",\"@id\":\"https:\/\/itseurope.org\/2026\/impressum\/#breadcrumb\",\"itemListElement\":[{\"@type\":\"ListItem\",\"position\":1,\"name\":\"Home\",\"item\":\"https:\/\/itseurope.org\/2026\/\"},{\"@type\":\"ListItem\",\"position\":2,\"name\":\"Impressum\"}]},{\"@type\":\"WebSite\",\"@id\":\"https:\/\/itseurope.org\/2026\/#website\",\"url\":\"https:\/\/itseurope.org\/2026\/\",\"name\":\"ITS Europe 2026\",\"description\":\"\",\"potentialAction\":[{\"@type\":\"SearchAction\",\"target\":{\"@type\":\"EntryPoint\",\"urlTemplate\":\"https:\/\/itseurope.org\/2026\/?s={search_term_string}\"},\"query-input\":{\"@type\":\"PropertyValueSpecification\",\"valueRequired\":true,\"valueName\":\"search_term_string\"}}],\"inLanguage\":\"en-GB\"}]}<\/script>\n<!-- \/ Yoast SEO plugin. -->","yoast_head_json":{"title":"Impressum - ITS Europe 2026","robots":{"index":"index","follow":"follow","max-snippet":"max-snippet:-1","max-image-preview":"max-image-preview:large","max-video-preview":"max-video-preview:-1"},"canonical":"https:\/\/itseurope.org\/2026\/impressum\/","og_locale":"en_GB","og_type":"article","og_title":"Impressum - ITS Europe 2026","og_description":"Impressum ITS Event 2026ImpressumImpressum Freundeskreis ITSc\/o Brigitte PreisslBonner Str.114197 Berlin Vertreten durch: Brigitte Preissl (Vorsitzende)J\u00fcrgen M\u00fcller (stellv. Vorsitzender)Kay Pallasch (Schatzmeister) Kontakt: Telefon: +49-151-546-20-547Telefax: +49-40-42834-262E-Mail: b.preissl@zbw.eu Registereintrag: Eintragung im Vereinsregister.Registergericht:Amtsgericht PotsdamRegisternummer: VR 7022 P Verantwortlich f\u00fcr den Inhalt nach \u00a7 55 Abs. 2 RStV: Brigitte Preissl (Vorsitzende)J\u00fcrgen M\u00fcller (stellv. Vorsitzender)Kay Pallasch\u00a0 (Schatzmeister) Streitschlichtung Die Europ\u00e4ische Kommission [&hellip;]","og_url":"https:\/\/itseurope.org\/2026\/impressum\/","og_site_name":"ITS Europe 2026","article_modified_time":"2026-03-12T09:04:05+00:00","twitter_card":"summary_large_image","twitter_misc":{"Estimated reading time":"4 minutes"},"schema":{"@context":"https:\/\/schema.org","@graph":[{"@type":"WebPage","@id":"https:\/\/itseurope.org\/2026\/impressum\/","url":"https:\/\/itseurope.org\/2026\/impressum\/","name":"Impressum - ITS Europe 2026","isPartOf":{"@id":"https:\/\/itseurope.org\/2026\/#website"},"primaryImageOfPage":{"@id":"https:\/\/itseurope.org\/2026\/impressum\/#primaryimage"},"image":{"@id":"https:\/\/itseurope.org\/2026\/impressum\/#primaryimage"},"thumbnailUrl":"https:\/\/itseurope.org\/2026\/wp-content\/uploads\/2026\/03\/linkout-1-1.jpg","datePublished":"2022-09-29T08:00:17+00:00","dateModified":"2026-03-12T09:04:05+00:00","breadcrumb":{"@id":"https:\/\/itseurope.org\/2026\/impressum\/#breadcrumb"},"inLanguage":"en-GB","potentialAction":[{"@type":"ReadAction","target":["https:\/\/itseurope.org\/2026\/impressum\/"]}]},{"@type":"ImageObject","inLanguage":"en-GB","@id":"https:\/\/itseurope.org\/2026\/impressum\/#primaryimage","url":"https:\/\/itseurope.org\/2026\/wp-content\/uploads\/2026\/03\/linkout-1-1.jpg","contentUrl":"https:\/\/itseurope.org\/2026\/wp-content\/uploads\/2026\/03\/linkout-1-1.jpg"},{"@type":"BreadcrumbList","@id":"https:\/\/itseurope.org\/2026\/impressum\/#breadcrumb","itemListElement":[{"@type":"ListItem","position":1,"name":"Home","item":"https:\/\/itseurope.org\/2026\/"},{"@type":"ListItem","position":2,"name":"Impressum"}]},{"@type":"WebSite","@id":"https:\/\/itseurope.org\/2026\/#website","url":"https:\/\/itseurope.org\/2026\/","name":"ITS Europe 2026","description":"","potentialAction":[{"@type":"SearchAction","target":{"@type":"EntryPoint","urlTemplate":"https:\/\/itseurope.org\/2026\/?s={search_term_string}"},"query-input":{"@type":"PropertyValueSpecification","valueRequired":true,"valueName":"search_term_string"}}],"inLanguage":"en-GB"}]}},"_links":{"self":[{"href":"https:\/\/itseurope.org\/2026\/wp-json\/wp\/v2\/pages\/128","targetHints":{"allow":["GET"]}}],"collection":[{"href":"https:\/\/itseurope.org\/2026\/wp-json\/wp\/v2\/pages"}],"about":[{"href":"https:\/\/itseurope.org\/2026\/wp-json\/wp\/v2\/types\/page"}],"author":[{"embeddable":true,"href":"https:\/\/itseurope.org\/2026\/wp-json\/wp\/v2\/users\/1"}],"replies":[{"embeddable":true,"href":"https:\/\/itseurope.org\/2026\/wp-json\/wp\/v2\/comments?post=128"}],"version-history":[{"count":5,"href":"https:\/\/itseurope.org\/2026\/wp-json\/wp\/v2\/pages\/128\/revisions"}],"predecessor-version":[{"id":449,"href":"https:\/\/itseurope.org\/2026\/wp-json\/wp\/v2\/pages\/128\/revisions\/449"}],"wp:attachment":[{"href":"https:\/\/itseurope.org\/2026\/wp-json\/wp\/v2\/media?parent=128"}],"wp:term":[{"taxonomy":"dipi_cpt_category","embeddable":true,"href":"https:\/\/itseurope.org\/2026\/wp-json\/wp\/v2\/dipi_cpt_category?post=128"}],"curies":[{"name":"wp","href":"https:\/\/api.w.org\/{rel}","templated":true}]}}